{"id":3752,"date":"2024-12-13T13:33:20","date_gmt":"2024-12-13T05:33:20","guid":{"rendered":"https:\/\/www.aislharrow.com\/rowing-regatta\/?page_id=3752"},"modified":"2024-12-16T12:54:02","modified_gmt":"2024-12-16T04:54:02","slug":"event-results","status":"publish","type":"page","link":"https:\/\/www.aislharrow.com\/rowing-regatta\/event-results\/","title":{"rendered":"Race Results"},"content":{"rendered":"\t\t<div data-elementor-type=\"wp-page\" data-elementor-id=\"3752\" class=\"elementor elementor-3752\" data-elementor-post-type=\"page\">\n\t\t\t\t<div class=\"elementor-element elementor-element-002c036 e-flex e-con-boxed e-con e-parent\" data-id=\"002c036\" data-element_type=\"container\" data-settings=\"{&quot;background_background&quot;:&quot;classic&quot;}\">\n\t\t\t\t\t<div class=\"e-con-inner\">\n\t\t\t\t<div class=\"elementor-element elementor-element-9d0e31a elementor-widget elementor-widget-eael-adv-tabs\" data-id=\"9d0e31a\" data-element_type=\"widget\" data-widget_type=\"eael-adv-tabs.default\">\n\t\t\t\t<div class=\"elementor-widget-container\">\n\t\t\t        <div data-scroll-on-click=\"no\" data-scroll-speed=\"300\" id=\"eael-advance-tabs-9d0e31a\" class=\"eael-advance-tabs eael-tabs-horizontal eael-tab-auto-active  active-caret-on\" data-tabid=\"9d0e31a\">\n            <div class=\"eael-tabs-nav\">\n                <ul class=\"\" role=\"tablist\">\n                                            <li id=\"master-championship\" class=\"inactive eael-tab-item-trigger\" aria-selected=\"true\" data-tab=\"1\" role=\"tab\" tabindex=\"0\" aria-controls=\"master-championship-tab\" aria-expanded=\"false\">\n                            \n                            \n                            \n                                                            <span class=\"eael-tab-title  title-after-icon\">Master Championship<\/span>                                                    <\/li>\n                                            <li id=\"university-championship\" class=\"inactive eael-tab-item-trigger\" aria-selected=\"false\" data-tab=\"2\" role=\"tab\" tabindex=\"-1\" aria-controls=\"university-championship-tab\" aria-expanded=\"false\">\n                            \n                            \n                            \n                                                            <span class=\"eael-tab-title  title-after-icon\">University Championship<\/span>                                                    <\/li>\n                                            <li id=\"youth-championship\" class=\"inactive eael-tab-item-trigger\" aria-selected=\"false\" data-tab=\"3\" role=\"tab\" tabindex=\"-1\" aria-controls=\"youth-championship-tab\" aria-expanded=\"false\">\n                            \n                            \n                            \n                                                            <span class=\"eael-tab-title  title-after-icon\">Youth Championship<\/span>                                                    <\/li>\n                                    <\/ul>\n            <\/div>\n            \n            <div class=\"eael-tabs-content\">\n\t\t        \n                    <div id=\"master-championship-tab\" class=\"clearfix eael-tab-content-item inactive\" data-title-link=\"master-championship-tab\">\n\t\t\t\t                                    \t\t<div data-elementor-type=\"section\" data-elementor-id=\"3757\" class=\"elementor elementor-3757\" data-elementor-post-type=\"elementor_library\">\n\t\t\t<div class=\"elementor-element elementor-element-5a55666 e-flex e-con-boxed e-con e-parent\" data-id=\"5a55666\" data-element_type=\"container\">\n\t\t\t\t\t<div class=\"e-con-inner\">\n\t\t\t\t<div class=\"elementor-element elementor-element-0017fc5 race-result-tb elementor-widget elementor-widget-eael-advanced-data-table\" data-id=\"0017fc5\" data-element_type=\"widget\" data-widget_type=\"eael-advanced-data-table.default\">\n\t\t\t\t<div class=\"elementor-widget-container\">\n\t\t\t<div class=\"ea-advanced-data-table-wrap\" data-id=\"0017fc5\"><div class=\"ea-advanced-data-table-wrap-inner\">\n                <table class=\"ea-advanced-data-table ea-advanced-data-table-static ea-advanced-data-table-0017fc5\" data-id=\"0017fc5\"><thead><tr><th style=\"width: 547px\"><p>Race Category<\/p><\/th><th><p>Winning Teams<\/p><\/th><\/tr><\/thead><tbody><tr><td><p>AISL Group Mixed Coxed Quads Sculls Exhibition Race (1000m)<\/p><\/td><td><p>Champion: AISL Group <\/p><p>1st runner up: Harrow LiDe School Hengqin Staff Team <\/p><p>2nd runner up: Harrow LiDe School Hengqin Parents Team<\/p><\/td><\/tr><tr><td><p>Men\u2019s Coxed Quads Sculls Final (1000m)<\/p><\/td><td><p>Champion: Old Harrovians Boat Club <\/p><p>1st runner up: City University of Hong Kong Alumni Association <\/p><p>2nd runner up: Lion Rock Rowing Association<\/p><\/td><\/tr><tr><td><p>Mixed Coxed Eight Sweep (1000m)<\/p><\/td><td><p>Champion: Hong Kong Baptist University Alumni Association<\/p><p>1st runner up: St. Marie Hospital, Shanghai<\/p><p>2nd runner up: zh\u014dng gu\u00f3 n\u01da z\u01d0 j\u012bng y\u012bng du\u00ec<\/p><\/td><\/tr><tr><td><p>Men's Double Sculls (1000m)<\/p><\/td><td><p>Champion: Chinese University of Hong Kong Alumni Association <\/p><p>1st runner up: Chinese University of Hong Kong Alumni Association <\/p><p>2nd runner up: Lion Rock Rowing Association<\/p><\/td><\/tr><tr><td><p>Women's Double Sculls (1000m)<\/p><\/td><td><p>Champion: Lion Rock Rowing Association<\/p><\/td><\/tr><tr><td><p>Women\u2019s Single Sculls (1000m)<\/p><\/td><td><p>Champion: Chinese University of Hong Kong Alumni Association<\/p><p>1st runner up: Vanke Group<\/p><p>2nd runner up: Lion Rock Rowing Association<\/p><\/td><\/tr><tr><td><p>Men's Single Sculls (1000m)<\/p><\/td><td><p>Champion: Chinese University of Hong Kong Alumni Association<\/p><p>1st runner up: Chinese University of Hong Kong Alumni Association<\/p><p>2nd runner up: City University of Hong Kong Alumni Association<\/p><\/td><\/tr><tr><td><p>Women\u2019s Coxed Quads Sculls (1000m)<\/p><\/td><td><p>Champion: <span>d\u00e0 w\u0101n q\u016b h\u00f9n h\u00e9 z\u01d4<\/span><\/p><p>1st runner up: <span>zh\u014dng gu\u00f3 n\u01da z\u01d0 j\u012bng y\u012bng du\u00ec<\/span><\/p><p>2nd runner up: <span>zh\u014dng gu\u00f3 n\u01da z\u01d0 j\u012bng y\u012bng du\u00ec<\/span><\/p><\/td><\/tr><tr><td><p>Mixed Coxed Quads Sculls (1000m)<\/p><\/td><td><p>Champion: Lion Rock Rowing Association<\/p><\/td><\/tr><tr><td><p>Men's Coxed Eight Sweep (2600m)<\/p><\/td><td><p>Champion: City University of Hong Kong Alumni Association<\/p><\/td><\/tr><\/tbody><\/table>\n            <\/div><\/div>\t\t<\/div>\n\t\t\t\t<\/div>\n\t\t\t\t\t<\/div>\n\t\t\t\t<\/div>\n\t\t\t\t<\/div>\n\t\t\t\t\t\t                            <\/div>\n\t\t        \n                    <div id=\"university-championship-tab\" class=\"clearfix eael-tab-content-item inactive\" data-title-link=\"university-championship-tab\">\n\t\t\t\t                                    \t\t<div data-elementor-type=\"section\" data-elementor-id=\"3773\" class=\"elementor elementor-3773\" data-elementor-post-type=\"elementor_library\">\n\t\t\t<div class=\"elementor-element elementor-element-5a55666 e-flex e-con-boxed e-con e-parent\" data-id=\"5a55666\" data-element_type=\"container\">\n\t\t\t\t\t<div class=\"e-con-inner\">\n\t\t\t\t<div class=\"elementor-element elementor-element-0017fc5 race-result-tb elementor-widget elementor-widget-eael-advanced-data-table\" data-id=\"0017fc5\" data-element_type=\"widget\" data-widget_type=\"eael-advanced-data-table.default\">\n\t\t\t\t<div class=\"elementor-widget-container\">\n\t\t\t<div class=\"ea-advanced-data-table-wrap\" data-id=\"0017fc5\"><div class=\"ea-advanced-data-table-wrap-inner\">\n                <table class=\"ea-advanced-data-table ea-advanced-data-table-static ea-advanced-data-table-0017fc5\" data-id=\"0017fc5\"><thead><tr><th><p>Race Category<\/p><\/th><th><p>Winning Teams<\/p><\/th><\/tr><\/thead><tbody><tr><td><p>Men's Coxed Quads Sculls Final (1000m)<\/p><\/td><td><p>Champion: Lingnan University, Hong Kong <\/p><p>1st runner up: Hong Kong University of Science and Technology<\/p><\/td><\/tr><tr><td><p>Women's Coxed Eight Sweep (1000m)<\/p><\/td><td><p>Champion: Chinese Culture University <\/p><p>1st runner up: Tongji University <\/p><p>2nd runner up:The University of Hong Kong<\/p><\/td><\/tr><tr><td><p>Women's Coxed Quads Sculls (1000m)<\/p><\/td><td><p>1st: The Hong Kong Polytechnic University <\/p><p>1st runner up: Macau University of Science and Technology <\/p><p>3rd: Shenzhen University<\/p><\/td><\/tr><tr><td><p>Men's Coxed Eight Sweep (1000m)<\/p><\/td><td><p>Champion: Yale University <\/p><p>1st runner up: Jinan International University <\/p><p>2nd runner up: Tongji University<\/p><\/td><\/tr><tr><td><p>Women's Coxed Quads Sculls (2600m)<\/p><\/td><td><p>Champion: The Hong Kong Polytechnic University <\/p><p>1st runner up: Macau University of Science and Technology <\/p><p>2nd runner up: Shenzhen University<\/p><\/td><\/tr><tr><td><p>Men's Coxed Quads Sculls (2600m)<\/p><\/td><td><p>Champion: Old Harrovians Boat Club<\/p><p>1st runner up:&nbsp;Hong Kong University of Science and Technology <\/p><p>2nd runner up: Lingnan University, Hong Kong<\/p><\/td><\/tr><tr><td><p>Women's Coxed Eight Sweep (2600m)<\/p><\/td><td><p>Champion: Chinese Culture University <\/p><p>1st runner up: The University of Hong Kong <\/p><p>2nd runner up: Tongji University<\/p><\/td><\/tr><tr><td><p>Men's Coxed Eight Sweep (2600m)<\/p><\/td><td><p>Champion: Yale University <\/p><p>1st runner up:&nbsp;Jinan International University <\/p><p>2nd runner up: Tongji University<\/p><\/td><\/tr><\/tbody><\/table>\n            <\/div><\/div>\t\t<\/div>\n\t\t\t\t<\/div>\n\t\t\t\t\t<\/div>\n\t\t\t\t<\/div>\n\t\t\t\t<\/div>\n\t\t\t\t\t\t                            <\/div>\n\t\t        \n                    <div id=\"youth-championship-tab\" class=\"clearfix eael-tab-content-item inactive\" data-title-link=\"youth-championship-tab\">\n\t\t\t\t                                    \t\t<div data-elementor-type=\"section\" data-elementor-id=\"3878\" class=\"elementor elementor-3878\" data-elementor-post-type=\"elementor_library\">\n\t\t\t<div class=\"elementor-element elementor-element-5a55666 e-flex e-con-boxed e-con e-parent\" data-id=\"5a55666\" data-element_type=\"container\">\n\t\t\t\t\t<div class=\"e-con-inner\">\n\t\t\t\t<div class=\"elementor-element elementor-element-a05ecbf elementor-widget elementor-widget-shortcode\" data-id=\"a05ecbf\" data-element_type=\"widget\" data-widget_type=\"shortcode.default\">\n\t\t\t\t<div class=\"elementor-widget-container\">\n\t\t\t\t\t<div class=\"elementor-shortcode\">\n<table id=\"tablepress-5\" class=\"tablepress tablepress-id-5 race-results-tb\">\n<thead>\n<tr class=\"row-1\">\n\t<th class=\"column-1\">Race Category<\/th><th class=\"column-2\">Winning Teams<\/th>\n<\/tr>\n<\/thead>\n<tbody>\n<tr class=\"row-2\">\n\t<td class=\"column-1\">AISL Harrow Youth Championship- Boys\u2019  Quads Sculls<\/td><td class=\"column-2\">Champion: Harrow International School Shanghai<br \/>\n1st runner up: Harrow LiDe School Hengqin<br \/>\n2nd runner up: Harrow International School Shanghai<\/td>\n<\/tr>\n<tr class=\"row-3\">\n\t<td class=\"column-1\">Girls'  Coxed Quads Scull (1000m)<\/td><td class=\"column-2\">Champion: Shanghai Pu Tuo<br \/>\n1st runner up: Hong Kong Youth Rowing Academy<br \/>\n2nd runner up: Hangzhou Rapid Youth<\/td>\n<\/tr>\n<tr class=\"row-4\">\n\t<td class=\"column-1\">Boys' Quads Sculls (1000m)<\/td><td class=\"column-2\">Champion: Shanghai Pu Tuo<br \/>\n1st runner up: Hangzhou Yungu School <br \/>\n2nd runner up: Shanghai Pu Tuo<\/td>\n<\/tr>\n<tr class=\"row-5\">\n\t<td class=\"column-1\">Girls' Quads Sculls (1000m)<\/td><td class=\"column-2\">Champion: Hong Kong Youth Rowing Academy<br \/>\n1st runner up: Hengqin Youth Rowing Team<br \/>\n2nd runner up: Hengqin Youth Rowing Team<\/td>\n<\/tr>\n<tr class=\"row-6\">\n\t<td class=\"column-1\">Boys' Quads Sculls (1000m)<\/td><td class=\"column-2\">Champion: New Taipei City<br \/>\n1st runner up: Hong Kong Youth Rowing Academy<br \/>\n2nd runner up: Hong Kong Youth Rowing Academy<\/td>\n<\/tr>\n<tr class=\"row-7\">\n\t<td class=\"column-1\">Girls' Single Sculls (1000m)<\/td><td class=\"column-2\">Champion: Shanghai Pu Tuo<br \/>\n1st runner up: AISl Harrow Beijing<br \/>\n2nd runner up: Shanghai Pu Tuo<\/td>\n<\/tr>\n<tr class=\"row-8\">\n\t<td class=\"column-1\">Boys' Double Sculls  (1000m)<\/td><td class=\"column-2\">Champion: Shanghai Pu Tuo<br \/>\n1st runner up:  Hengqin Youth Rowing Team<br \/>\n2nd runner up: Hangzhou Yungu School<\/td>\n<\/tr>\n<\/tbody>\n<\/table>\n<\/div>\n\t\t\t\t<\/div>\n\t\t\t\t<\/div>\n\t\t\t\t\t<\/div>\n\t\t\t\t<\/div>\n\t\t\t\t<\/div>\n\t\t\t\t\t\t                            <\/div>\n\t\t                    <\/div>\n        <\/div>\n\t\t<\/div>\n\t\t\t\t<\/div>\n\t\t\t\t\t<\/div>\n\t\t\t\t<\/div>\n\t\t\t\t<\/div>\n\t\t","protected":false},"excerpt":{"rendered":"<p>Master Championship University Championship Youth Championship Race Category Winning Teams AISL Group Mixed Coxed Quads Sculls Exhibition Race (1000m) Champion: AISL Group 1st runner up: Harrow LiDe School Hengqin Staff Team 2nd runner up: Harrow LiDe School Hengqin Parents Team Men\u2019s Coxed Quads Sculls Final (1000m) Champion: Old Harrovians Boat Club 1st runner up: City [&hellip;]<\/p>\n","protected":false},"author":4,"featured_media":478,"parent":0,"menu_order":0,"comment_status":"closed","ping_status":"open","template":"","meta":{"_acf_changed":false,"footnotes":"","_links_to":"","_links_to_target":""},"class_list":["post-3752","page","type-page","status-publish","has-post-thumbnail","hentry"],"acf":[],"yoast_head":"<!-- This site is optimized with the Yoast SEO plugin v23.4 - https:\/\/yoast.com\/wordpress\/plugins\/seo\/ -->\n<title>Race Results - AISL Harrow Rowing Regatta<\/title>\n<meta name=\"robots\" content=\"index, follow, max-snippet:-1, max-image-preview:large, max-video-preview:-1\" \/>\n<link rel=\"canonical\" href=\"https:\/\/www.aislharrow.com\/rowing-regatta\/event-results\/\" \/>\n<meta property=\"og:locale\" content=\"en_US\" \/>\n<meta property=\"og:type\" content=\"article\" \/>\n<meta property=\"og:title\" content=\"Race Results - AISL Harrow Rowing Regatta\" \/>\n<meta property=\"og:description\" content=\"Master Championship University Championship Youth Championship Race Category Winning Teams AISL Group Mixed Coxed Quads Sculls Exhibition Race (1000m) Champion: AISL Group 1st runner up: Harrow LiDe School Hengqin Staff Team 2nd runner up: Harrow LiDe School Hengqin Parents Team Men\u2019s Coxed Quads Sculls Final (1000m) Champion: Old Harrovians Boat Club 1st runner up: City [&hellip;]\" \/>\n<meta property=\"og:url\" content=\"https:\/\/www.aislharrow.com\/rowing-regatta\/event-results\/\" \/>\n<meta property=\"og:site_name\" content=\"AISL Harrow Rowing Regatta\" \/>\n<meta property=\"article:modified_time\" content=\"2024-12-16T04:54:02+00:00\" \/>\n<meta property=\"og:image\" content=\"https:\/\/www.aislharrow.com\/rowing-regatta\/wp-content\/uploads\/2024\/09\/rowing-team-action-crew-is-working-together-propel-boat-forward-2.jpg\" \/>\n\t<meta property=\"og:image:width\" content=\"1680\" \/>\n\t<meta property=\"og:image:height\" content=\"476\" \/>\n\t<meta property=\"og:image:type\" content=\"image\/jpeg\" \/>\n<meta name=\"twitter:card\" content=\"summary_large_image\" \/>\n<meta name=\"twitter:label1\" content=\"Est. reading time\" \/>\n\t<meta name=\"twitter:data1\" content=\"4 minutes\" \/>\n<script type=\"application\/ld+json\" class=\"yoast-schema-graph\">{\"@context\":\"https:\/\/schema.org\",\"@graph\":[{\"@type\":\"WebPage\",\"@id\":\"https:\/\/www.aislharrow.com\/rowing-regatta\/event-results\/\",\"url\":\"https:\/\/www.aislharrow.com\/rowing-regatta\/event-results\/\",\"name\":\"Race Results - AISL Harrow Rowing Regatta\",\"isPartOf\":{\"@id\":\"https:\/\/www.aislharrow.com\/rowing-regatta\/#website\"},\"primaryImageOfPage\":{\"@id\":\"https:\/\/www.aislharrow.com\/rowing-regatta\/event-results\/#primaryimage\"},\"image\":{\"@id\":\"https:\/\/www.aislharrow.com\/rowing-regatta\/event-results\/#primaryimage\"},\"thumbnailUrl\":\"https:\/\/www.aislharrow.com\/rowing-regatta\/wp-content\/uploads\/2024\/09\/rowing-team-action-crew-is-working-together-propel-boat-forward-2.jpg\",\"datePublished\":\"2024-12-13T05:33:20+00:00\",\"dateModified\":\"2024-12-16T04:54:02+00:00\",\"breadcrumb\":{\"@id\":\"https:\/\/www.aislharrow.com\/rowing-regatta\/event-results\/#breadcrumb\"},\"inLanguage\":\"en-US\",\"potentialAction\":[{\"@type\":\"ReadAction\",\"target\":[\"https:\/\/www.aislharrow.com\/rowing-regatta\/event-results\/\"]}]},{\"@type\":\"ImageObject\",\"inLanguage\":\"en-US\",\"@id\":\"https:\/\/www.aislharrow.com\/rowing-regatta\/event-results\/#primaryimage\",\"url\":\"https:\/\/www.aislharrow.com\/rowing-regatta\/wp-content\/uploads\/2024\/09\/rowing-team-action-crew-is-working-together-propel-boat-forward-2.jpg\",\"contentUrl\":\"https:\/\/www.aislharrow.com\/rowing-regatta\/wp-content\/uploads\/2024\/09\/rowing-team-action-crew-is-working-together-propel-boat-forward-2.jpg\",\"width\":1680,\"height\":476},{\"@type\":\"BreadcrumbList\",\"@id\":\"https:\/\/www.aislharrow.com\/rowing-regatta\/event-results\/#breadcrumb\",\"itemListElement\":[{\"@type\":\"ListItem\",\"position\":1,\"name\":\"Home\",\"item\":\"https:\/\/www.aislharrow.com\/rowing-regatta\/\"},{\"@type\":\"ListItem\",\"position\":2,\"name\":\"Race Results\"}]},{\"@type\":\"WebSite\",\"@id\":\"https:\/\/www.aislharrow.com\/rowing-regatta\/#website\",\"url\":\"https:\/\/www.aislharrow.com\/rowing-regatta\/\",\"name\":\"AISL Harrow Rowing Regatta\",\"description\":\"\",\"publisher\":{\"@id\":\"https:\/\/www.aislharrow.com\/rowing-regatta\/#organization\"},\"potentialAction\":[{\"@type\":\"SearchAction\",\"target\":{\"@type\":\"EntryPoint\",\"urlTemplate\":\"https:\/\/www.aislharrow.com\/rowing-regatta\/?s={search_term_string}\"},\"query-input\":{\"@type\":\"PropertyValueSpecification\",\"valueRequired\":true,\"valueName\":\"search_term_string\"}}],\"inLanguage\":\"en-US\"},{\"@type\":\"Organization\",\"@id\":\"https:\/\/www.aislharrow.com\/rowing-regatta\/#organization\",\"name\":\"AISL Harrow Rowing Regatta\",\"url\":\"https:\/\/www.aislharrow.com\/rowing-regatta\/\",\"logo\":{\"@type\":\"ImageObject\",\"inLanguage\":\"en-US\",\"@id\":\"https:\/\/www.aislharrow.com\/rowing-regatta\/#\/schema\/logo\/image\/\",\"url\":\"https:\/\/www.aislharrow.com\/rowing-regatta\/wp-content\/uploads\/2024\/08\/aisl-harrow-rowing-regatta-logo.jpg\",\"contentUrl\":\"https:\/\/www.aislharrow.com\/rowing-regatta\/wp-content\/uploads\/2024\/08\/aisl-harrow-rowing-regatta-logo.jpg\",\"width\":464,\"height\":420,\"caption\":\"AISL Harrow Rowing Regatta\"},\"image\":{\"@id\":\"https:\/\/www.aislharrow.com\/rowing-regatta\/#\/schema\/logo\/image\/\"}}]}<\/script>\n<!-- \/ Yoast SEO plugin. -->","yoast_head_json":{"title":"Race Results - AISL Harrow Rowing Regatta","robots":{"index":"index","follow":"follow","max-snippet":"max-snippet:-1","max-image-preview":"max-image-preview:large","max-video-preview":"max-video-preview:-1"},"canonical":"https:\/\/www.aislharrow.com\/rowing-regatta\/event-results\/","og_locale":"en_US","og_type":"article","og_title":"Race Results - AISL Harrow Rowing Regatta","og_description":"Master Championship University Championship Youth Championship Race Category Winning Teams AISL Group Mixed Coxed Quads Sculls Exhibition Race (1000m) Champion: AISL Group 1st runner up: Harrow LiDe School Hengqin Staff Team 2nd runner up: Harrow LiDe School Hengqin Parents Team Men\u2019s Coxed Quads Sculls Final (1000m) Champion: Old Harrovians Boat Club 1st runner up: City [&hellip;]","og_url":"https:\/\/www.aislharrow.com\/rowing-regatta\/event-results\/","og_site_name":"AISL Harrow Rowing Regatta","article_modified_time":"2024-12-16T04:54:02+00:00","og_image":[{"width":1680,"height":476,"url":"https:\/\/www.aislharrow.com\/rowing-regatta\/wp-content\/uploads\/2024\/09\/rowing-team-action-crew-is-working-together-propel-boat-forward-2.jpg","type":"image\/jpeg"}],"twitter_card":"summary_large_image","twitter_misc":{"Est. reading time":"4 minutes"},"schema":{"@context":"https:\/\/schema.org","@graph":[{"@type":"WebPage","@id":"https:\/\/www.aislharrow.com\/rowing-regatta\/event-results\/","url":"https:\/\/www.aislharrow.com\/rowing-regatta\/event-results\/","name":"Race Results - AISL Harrow Rowing Regatta","isPartOf":{"@id":"https:\/\/www.aislharrow.com\/rowing-regatta\/#website"},"primaryImageOfPage":{"@id":"https:\/\/www.aislharrow.com\/rowing-regatta\/event-results\/#primaryimage"},"image":{"@id":"https:\/\/www.aislharrow.com\/rowing-regatta\/event-results\/#primaryimage"},"thumbnailUrl":"https:\/\/www.aislharrow.com\/rowing-regatta\/wp-content\/uploads\/2024\/09\/rowing-team-action-crew-is-working-together-propel-boat-forward-2.jpg","datePublished":"2024-12-13T05:33:20+00:00","dateModified":"2024-12-16T04:54:02+00:00","breadcrumb":{"@id":"https:\/\/www.aislharrow.com\/rowing-regatta\/event-results\/#breadcrumb"},"inLanguage":"en-US","potentialAction":[{"@type":"ReadAction","target":["https:\/\/www.aislharrow.com\/rowing-regatta\/event-results\/"]}]},{"@type":"ImageObject","inLanguage":"en-US","@id":"https:\/\/www.aislharrow.com\/rowing-regatta\/event-results\/#primaryimage","url":"https:\/\/www.aislharrow.com\/rowing-regatta\/wp-content\/uploads\/2024\/09\/rowing-team-action-crew-is-working-together-propel-boat-forward-2.jpg","contentUrl":"https:\/\/www.aislharrow.com\/rowing-regatta\/wp-content\/uploads\/2024\/09\/rowing-team-action-crew-is-working-together-propel-boat-forward-2.jpg","width":1680,"height":476},{"@type":"BreadcrumbList","@id":"https:\/\/www.aislharrow.com\/rowing-regatta\/event-results\/#breadcrumb","itemListElement":[{"@type":"ListItem","position":1,"name":"Home","item":"https:\/\/www.aislharrow.com\/rowing-regatta\/"},{"@type":"ListItem","position":2,"name":"Race Results"}]},{"@type":"WebSite","@id":"https:\/\/www.aislharrow.com\/rowing-regatta\/#website","url":"https:\/\/www.aislharrow.com\/rowing-regatta\/","name":"AISL Harrow Rowing Regatta","description":"","publisher":{"@id":"https:\/\/www.aislharrow.com\/rowing-regatta\/#organization"},"potentialAction":[{"@type":"SearchAction","target":{"@type":"EntryPoint","urlTemplate":"https:\/\/www.aislharrow.com\/rowing-regatta\/?s={search_term_string}"},"query-input":{"@type":"PropertyValueSpecification","valueRequired":true,"valueName":"search_term_string"}}],"inLanguage":"en-US"},{"@type":"Organization","@id":"https:\/\/www.aislharrow.com\/rowing-regatta\/#organization","name":"AISL Harrow Rowing Regatta","url":"https:\/\/www.aislharrow.com\/rowing-regatta\/","logo":{"@type":"ImageObject","inLanguage":"en-US","@id":"https:\/\/www.aislharrow.com\/rowing-regatta\/#\/schema\/logo\/image\/","url":"https:\/\/www.aislharrow.com\/rowing-regatta\/wp-content\/uploads\/2024\/08\/aisl-harrow-rowing-regatta-logo.jpg","contentUrl":"https:\/\/www.aislharrow.com\/rowing-regatta\/wp-content\/uploads\/2024\/08\/aisl-harrow-rowing-regatta-logo.jpg","width":464,"height":420,"caption":"AISL Harrow Rowing Regatta"},"image":{"@id":"https:\/\/www.aislharrow.com\/rowing-regatta\/#\/schema\/logo\/image\/"}}]}},"_links":{"self":[{"href":"https:\/\/www.aislharrow.com\/rowing-regatta\/wp-json\/wp\/v2\/pages\/3752","targetHints":{"allow":["GET"]}}],"collection":[{"href":"https:\/\/www.aislharrow.com\/rowing-regatta\/wp-json\/wp\/v2\/pages"}],"about":[{"href":"https:\/\/www.aislharrow.com\/rowing-regatta\/wp-json\/wp\/v2\/types\/page"}],"author":[{"embeddable":true,"href":"https:\/\/www.aislharrow.com\/rowing-regatta\/wp-json\/wp\/v2\/users\/4"}],"replies":[{"embeddable":true,"href":"https:\/\/www.aislharrow.com\/rowing-regatta\/wp-json\/wp\/v2\/comments?post=3752"}],"version-history":[{"count":25,"href":"https:\/\/www.aislharrow.com\/rowing-regatta\/wp-json\/wp\/v2\/pages\/3752\/revisions"}],"predecessor-version":[{"id":3908,"href":"https:\/\/www.aislharrow.com\/rowing-regatta\/wp-json\/wp\/v2\/pages\/3752\/revisions\/3908"}],"wp:featuredmedia":[{"embeddable":true,"href":"https:\/\/www.aislharrow.com\/rowing-regatta\/wp-json\/wp\/v2\/media\/478"}],"wp:attachment":[{"href":"https:\/\/www.aislharrow.com\/rowing-regatta\/wp-json\/wp\/v2\/media?parent=3752"}],"curies":[{"name":"wp","href":"https:\/\/api.w.org\/{rel}","templated":true}]}}